{"id":1020,"date":"2024-08-02T16:36:07","date_gmt":"2024-08-02T16:36:07","guid":{"rendered":"https:\/\/linglane.com\/contact\/"},"modified":"2024-09-11T14:40:58","modified_gmt":"2024-09-11T14:40:58","slug":"contact","status":"publish","type":"page","link":"https:\/\/linglane.com\/en\/contact\/","title":{"rendered":"Contact"},"content":{"rendered":"<body>\n<div class=\"wp-block-uagb-container uagb-block-2f5b06bc alignfull uagb-is-root-container\"><div class=\"uagb-container-inner-blocks-wrap\">\n<div class=\"wp-block-uagb-advanced-heading uagb-block-70e8db58\"><h6 class=\"uagb-heading-text\">\u2014 <strong>Nap\u00ed\u0161te mi<\/strong><\/h6><\/div>\n\n\n\n<div class=\"wp-block-uagb-advanced-heading uagb-block-fd47fa44\"><h1 class=\"uagb-heading-text\"><strong>Kontakt<\/strong><\/h1><\/div>\n<\/div><\/div>\n\n\n\n<div class=\"wp-block-uagb-container uagb-block-33df33b1 alignfull uagb-is-root-container\"><div class=\"uagb-container-inner-blocks-wrap\">\n<div class=\"wp-block-uagb-container uagb-block-c1c7d6e6\">\n<div class=\"wp-block-uagb-info-box uagb-block-84369d8e uagb-infobox__content-wrap  uagb-infobox-icon-above-title uagb-infobox-image-valign-top\"><div class=\"uagb-ifb-content\"><div class=\"uagb-ifb-title-wrap\"><h3 class=\"uagb-ifb-title\"><strong>Ozvite sa!<\/strong><h3 style=\"margin: 0pt 0pt 10pt; font-family: SimSun; font-size: 13.5pt; color: rgb(0, 0, 0); white-space-collapse: collapse; padding: 0pt; vertical-align: baseline; line-height: 13.65pt;\"><b><span style=\"font-family: sans-serif; font-size: 13.5pt;\"><\/span><\/b><\/h3><\/h3><\/div><div class=\"uagb-ifb-separator\"><\/div><p class=\"uagb-ifb-desc\"><strong><br>Pode\u013ete sa so mnou o va\u0161e ciele v u\u010den\u00ed sa angli\u010dtiny\u00a0\u2014\u00a0s rados\u0165ou v\u00e1m ich pom\u00f4\u017eem dosiahnu\u0165!<\/strong><br><strong>\u00a0<br>Bezplatn\u00e1 uk\u00e1\u017ekov\u00e1 hodina pre ka\u017ed\u00e9ho nov\u00e9ho \u0161tudenta.<\/strong><br><strong>\u00a0<br>Nap\u00ed\u0161te mi spr\u00e1vu a za\u010dnime spolo\u010dne \u00a0va\u0161u cestu k plynulosti!<\/strong><\/p><\/div><\/div>\n\n\n\n<div class=\"wp-block-uagb-info-box uagb-block-663d1062 uagb-infobox__content-wrap  uagb-infobox-icon-left uagb-infobox-left uagb-infobox-image-valign-top\"><div class=\"uagb-ifb-icon-wrap\"><svg xmlns=\"https:\/\/www.w3.org\/2000\/svg\" viewbox=\"0 0 512 512\"><path d=\"M464 64C490.5 64 512 85.49 512 112C512 127.1 504.9 141.3 492.8 150.4L275.2 313.6C263.8 322.1 248.2 322.1 236.8 313.6L19.2 150.4C7.113 141.3 0 127.1 0 112C0 85.49 21.49 64 48 64H464zM217.6 339.2C240.4 356.3 271.6 356.3 294.4 339.2L512 176V384C512 419.3 483.3 448 448 448H64C28.65 448 0 419.3 0 384V176L217.6 339.2z\"><\/path><\/svg><\/div><div class=\"uagb-ifb-content\"><div class=\"uagb-ifb-title-wrap\"><h6 class=\"uagb-ifb-title\">Email<\/h6><\/div><p class=\"uagb-ifb-desc\">info [at] linglane.com\u200b<\/p><div class=\"uagb-ifb-separator\"><\/div><\/div><\/div>\n<\/div>\n\n\n\n<div class=\"wp-block-uagb-container uagb-block-bf4bc562\">\n<div class=\"wp-block-uagb-forms uagb-forms__outer-wrap uagb-block-8599dc1c uagb-forms__default-btn\"><form class=\"uagb-forms-main-form\" method=\"post\" autocomplete=\"on\" name=\"uagb-form-8599dc1c\">\n<div class=\"wp-block-uagb-forms-name uagb-forms-name-wrap uagb-forms-field-set uagb-block-24c56da7 uag-col-2\"><div class=\"uagb-forms-name-label required uagb-forms-input-label\" id=\"24c56da7\">Meno<\/div><input type=\"text\" placeholder=\"\" required class=\"uagb-forms-name-input uagb-forms-input\" name=\"24c56da7\" autocomplete=\"given-name\"><\/div>\n\n\n\n<div class=\"wp-block-uagb-forms-name uagb-forms-name-wrap uagb-forms-field-set uagb-block-15c2a20b uag-col-2\"><div class=\"uagb-forms-name-label required uagb-forms-input-label\" id=\"15c2a20b\">Priezvisko<\/div><input type=\"text\" placeholder=\"\" required class=\"uagb-forms-name-input uagb-forms-input\" name=\"15c2a20b\" autocomplete=\"family-name\"><\/div>\n\n\n\n<div class=\"wp-block-uagb-forms-email uagb-forms-email-wrap uagb-forms-field-set uagb-block-f6c8ca4a\"><div class=\"uagb-forms-email-label required uagb-forms-input-label\" id=\"f6c8ca4a\">Email<\/div><input type=\"email\" class=\"uagb-forms-email-input uagb-forms-input\" placeholder=\"\" required name=\"f6c8ca4a\" autocomplete=\"email\"><\/div>\n\n\n\n<div class=\"wp-block-uagb-forms-name uagb-forms-name-wrap uagb-forms-field-set uagb-block-868daad6\"><div class=\"uagb-forms-name-label required uagb-forms-input-label\" id=\"868daad6\">Tel. \u010d\u00edslo<\/div><input type=\"text\" placeholder=\"\" required class=\"uagb-forms-name-input uagb-forms-input\" name=\"868daad6\" autocomplete=\"name\"><\/div>\n\n\n\n<div class=\"wp-block-uagb-forms-textarea uagb-forms-textarea-wrap uagb-forms-field-set uagb-block-eb8d55c7\"><div class=\"uagb-forms-textarea-label required uagb-forms-input-label\" id=\"eb8d55c7\"><strong>Ako v\u00e1m m\u00f4\u017eem pom\u00f4c\u0165?<\/strong><\/div><textarea required class=\"uagb-forms-textarea-input uagb-forms-input\" rows=\"2\" placeholder=\"\" name=\"eb8d55c7\" autocomplete=\"off\"><\/textarea><\/div>\n<div class=\"uagb-forms-form-hidden-data\"><input type=\"hidden\" id=\"g-recaptcha-response\" class=\"uagb-forms-recaptcha\"><input type=\"hidden\" class=\"uagb_forms_form_label\" value=\"Spectra Form\"><input type=\"hidden\" class=\"uagb_forms_form_id\" value=\"uagb-form-8599dc1c\"><\/div><div class=\"g-recaptcha uagb-forms-field-set\" data-sitekey=\"\"><\/div><div class=\"uagb-form-reacaptcha-error-8599dc1c\"><\/div><div class=\"uagb-forms-main-submit-button-wrap wp-block-button\"><button class=\"uagb-forms-main-submit-button wp-block-button__link\"><div class=\"uagb-forms-main-submit-button-text\">odosla\u0165<\/div><\/button><\/div><\/form><div class=\"uagb-forms-success-message-8599dc1c uagb-forms-submit-message-hide\"><span>The form has been submitted successfully!<\/span><\/div><div class=\"uagb-forms-failed-message-8599dc1c uagb-forms-submit-message-hide\"><span>There has been some error while submitting the form. Please verify all form fields again.<\/span><\/div><\/div>\n<\/div>\n<\/div><\/div>\n<\/body>","protected":false},"excerpt":{"rendered":"<p>\u2014 Nap\u00ed\u0161te mi Kontakt<\/p>","protected":false},"author":1,"featured_media":0,"parent":0,"menu_order":0,"comment_status":"closed","ping_status":"closed","template":"","meta":{"om_disable_all_campaigns":false,"_uag_custom_page_level_css":"","site-sidebar-layout":"no-sidebar","site-content-layout":"plain-container","ast-site-content-layout":"normal-width-container","site-content-style":"unboxed","site-sidebar-style":"unboxed","ast-global-header-display":"","ast-banner-title-visibility":"","ast-main-header-display":"","ast-hfb-above-header-display":"","ast-hfb-below-header-display":"","ast-hfb-mobile-header-display":"","site-post-title":"disabled","ast-breadcrumbs-content":"disabled","ast-featured-img":"disabled","footer-sml-layout":"","ast-disable-related-posts":"","theme-transparent-header-meta":"disabled","adv-header-id-meta":"","stick-header-meta":"","header-above-stick-meta":"","header-main-stick-meta":"","header-below-stick-meta":"","astra-migrate-meta-layouts":"set","ast-page-background-enabled":"default","ast-page-background-meta":{"desktop":{"background-color":"var(--ast-global-color-4)","background-image":"","background-repeat":"repeat","background-position":"center center","background-size":"auto","background-attachment":"scroll","background-type":"","background-media":"","overlay-type":"","overlay-color":"","overlay-opacity":"","overlay-gradient":""},"tablet":{"background-color":"","background-image":"","background-repeat":"repeat","background-position":"center center","background-size":"auto","background-attachment":"scroll","background-type":"","background-media":"","overlay-type":"","overlay-color":"","overlay-opacity":"","overlay-gradient":""},"mobile":{"background-color":"","background-image":"","background-repeat":"repeat","background-position":"center center","background-size":"auto","background-attachment":"scroll","background-type":"","background-media":"","overlay-type":"","overlay-color":"","overlay-opacity":"","overlay-gradient":""}},"ast-content-background-meta":{"desktop":{"background-color":"var(--ast-global-color-5)","background-image":"","background-repeat":"repeat","background-position":"center center","background-size":"auto","background-attachment":"scroll","background-type":"","background-media":"","overlay-type":"","overlay-color":"","overlay-opacity":"","overlay-gradient":""},"tablet":{"background-color":"var(--ast-global-color-5)","background-image":"","background-repeat":"repeat","background-position":"center center","background-size":"auto","background-attachment":"scroll","background-type":"","background-media":"","overlay-type":"","overlay-color":"","overlay-opacity":"","overlay-gradient":""},"mobile":{"background-color":"var(--ast-global-color-5)","background-image":"","background-repeat":"repeat","background-position":"center center","background-size":"auto","background-attachment":"scroll","background-type":"","background-media":"","overlay-type":"","overlay-color":"","overlay-opacity":"","overlay-gradient":""}},"footnotes":""},"class_list":["post-1020","page","type-page","status-publish","hentry"],"uagb_featured_image_src":{"full":false,"thumbnail":false,"medium":false,"medium_large":false,"large":false,"1536x1536":false,"2048x2048":false,"trp-custom-language-flag":false},"uagb_author_info":{"display_name":"LuciaK","author_link":"https:\/\/linglane.com\/en\/author\/luciak\/"},"uagb_comment_info":0,"uagb_excerpt":"\u2014 Nap\u00ed\u0161te mi Kontakt","_links":{"self":[{"href":"https:\/\/linglane.com\/en\/wp-json\/wp\/v2\/pages\/1020","targetHints":{"allow":["GET"]}}],"collection":[{"href":"https:\/\/linglane.com\/en\/wp-json\/wp\/v2\/pages"}],"about":[{"href":"https:\/\/linglane.com\/en\/wp-json\/wp\/v2\/types\/page"}],"author":[{"embeddable":true,"href":"https:\/\/linglane.com\/en\/wp-json\/wp\/v2\/users\/1"}],"replies":[{"embeddable":true,"href":"https:\/\/linglane.com\/en\/wp-json\/wp\/v2\/comments?post=1020"}],"version-history":[{"count":5,"href":"https:\/\/linglane.com\/en\/wp-json\/wp\/v2\/pages\/1020\/revisions"}],"predecessor-version":[{"id":2946,"href":"https:\/\/linglane.com\/en\/wp-json\/wp\/v2\/pages\/1020\/revisions\/2946"}],"wp:attachment":[{"href":"https:\/\/linglane.com\/en\/wp-json\/wp\/v2\/media?parent=1020"}],"curies":[{"name":"wp","href":"https:\/\/api.w.org\/{rel}","templated":true}]}}