{"id":2737,"date":"2024-09-07T16:59:29","date_gmt":"2024-09-07T16:59:29","guid":{"rendered":"https:\/\/linglane.com\/?page_id=2737"},"modified":"2024-09-11T14:27:40","modified_gmt":"2024-09-11T14:27:40","slug":"terms-and-conditions","status":"publish","type":"page","link":"https:\/\/linglane.com\/en\/terms-and-conditions\/","title":{"rendered":"TERMS AND CONDITIONS"},"content":{"rendered":"<body>\n<p>Lessons are paid for in advance in packages of 10, with a frequency of either once or twice per week (as agreed). Payment must be made before the first lesson, based on the issued invoice. If you purchase a package with a frequency of, for example, twice a week, you will need to complete the lessons at that same frequency.<\/p>\n\n\n\n<p>If you need to cancel a scheduled lesson, please inform the lecturer<strong>\u00a0at least 24 hours before<\/strong>\u00a0the agreed time. You can replace <strong>canceled lessons <\/strong>by either:<\/p>\n\n\n\n<p><strong>a) Rescheduling\u00a0<\/strong>(subject to availability, typically within the same week); or\u00a0<\/p>\n\n\n\n<p><strong>b) Completing an e-lesson<\/strong> (individual work\/mentoring), which you will do independently, followed by feedback from the instructor. This will count as a completed lesson. In the case of illness or planned vacation, lessons may be paused by mutual agreement.<\/p>\n\n\n\n<p>If a lesson is canceled <strong>less than 24 hours before<\/strong>\u00a0the scheduled time, 100% of the lesson fee will be charged with no option for a replacement.<\/p>\n\n\n\n<p>Please notify the lecturer of any absences either by email or via WhatsApp.<\/p>\n\n\n\n<p>Students agree to use their purchased lesson package within 3 months; otherwise, the lessons will expire without any refund or replacement.<\/p>\n<\/body>","protected":false},"excerpt":{"rendered":"<p>Lekcie sa\u00a0platia\u00a0vopred formou bal\u00edkov 10 lekci\u00ed s frekvenciou\u00a01x alebo 2x t\u00fd\u017edenne (po dohode s\u00a0lektorkou). Platba za uskuto\u010dn\u00ed pred prvou lekciou\u00a0na z\u00e1klade\u00a0vystavenej\u00a0fakt\u00fary.\u00a0Ak si zak\u00fapite bal\u00ed\u010dek lekci\u00ed s frekvenciou napr. 2x t\u00fd\u017edenne, s takouto frekvenciou ho budete musie\u0165 aj vybra\u0165. V pr\u00edpade, \u017ee \u0161tudent\u00a0potrebuje zru\u0161i\u0165\u00a0dohodnut\u00fa\u00a0lekciu, je potrebn\u00e9 to ozn\u00e1mi\u0165\u00a0lektorke najnesk\u00f4r\u00a024 hod\u00edn pred dohodnut\u00fdm term\u00ednom\u00a0lekcie. Zru\u0161en\u00e1 lekcie sa [&hellip;]<\/p>\n","protected":false},"author":1,"featured_media":0,"parent":0,"menu_order":0,"comment_status":"closed","ping_status":"open","template":"","meta":{"om_disable_all_campaigns":false,"_uag_custom_page_level_css":"","site-sidebar-layout":"default","site-content-layout":"","ast-site-content-layout":"default","site-content-style":"default","site-sidebar-style":"default","ast-global-header-display":"","ast-banner-title-visibility":"","ast-main-header-display":"","ast-hfb-above-header-display":"","ast-hfb-below-header-display":"","ast-hfb-mobile-header-display":"","site-post-title":"","ast-breadcrumbs-content":"","ast-featured-img":"","footer-sml-layout":"","ast-disable-related-posts":"","theme-transparent-header-meta":"","adv-header-id-meta":"","stick-header-meta":"","header-above-stick-meta":"","header-main-stick-meta":"","header-below-stick-meta":"","astra-migrate-meta-layouts":"set","ast-page-background-enabled":"default","ast-page-background-meta":{"desktop":{"background-color":"var(--ast-global-color-4)","background-image":"","background-repeat":"repeat","background-position":"center center","background-size":"auto","background-attachment":"scroll","background-type":"","background-media":"","overlay-type":"","overlay-color":"","overlay-opacity":"","overlay-gradient":""},"tablet":{"background-color":"","background-image":"","background-repeat":"repeat","background-position":"center center","background-size":"auto","background-attachment":"scroll","background-type":"","background-media":"","overlay-type":"","overlay-color":"","overlay-opacity":"","overlay-gradient":""},"mobile":{"background-color":"","background-image":"","background-repeat":"repeat","background-position":"center center","background-size":"auto","background-attachment":"scroll","background-type":"","background-media":"","overlay-type":"","overlay-color":"","overlay-opacity":"","overlay-gradient":""}},"ast-content-background-meta":{"desktop":{"background-color":"var(--ast-global-color-5)","background-image":"","background-repeat":"repeat","background-position":"center center","background-size":"auto","background-attachment":"scroll","background-type":"","background-media":"","overlay-type":"","overlay-color":"","overlay-opacity":"","overlay-gradient":""},"tablet":{"background-color":"var(--ast-global-color-5)","background-image":"","background-repeat":"repeat","background-position":"center center","background-size":"auto","background-attachment":"scroll","background-type":"","background-media":"","overlay-type":"","overlay-color":"","overlay-opacity":"","overlay-gradient":""},"mobile":{"background-color":"var(--ast-global-color-5)","background-image":"","background-repeat":"repeat","background-position":"center center","background-size":"auto","background-attachment":"scroll","background-type":"","background-media":"","overlay-type":"","overlay-color":"","overlay-opacity":"","overlay-gradient":""}},"footnotes":""},"class_list":["post-2737","page","type-page","status-publish","hentry"],"uagb_featured_image_src":{"full":false,"thumbnail":false,"medium":false,"medium_large":false,"large":false,"1536x1536":false,"2048x2048":false,"trp-custom-language-flag":false},"uagb_author_info":{"display_name":"LuciaK","author_link":"https:\/\/linglane.com\/en\/author\/luciak\/"},"uagb_comment_info":0,"uagb_excerpt":"Lekcie sa\u00a0platia\u00a0vopred formou bal\u00edkov 10 lekci\u00ed s frekvenciou\u00a01x alebo 2x t\u00fd\u017edenne (po dohode s\u00a0lektorkou). Platba za uskuto\u010dn\u00ed pred prvou lekciou\u00a0na z\u00e1klade\u00a0vystavenej\u00a0fakt\u00fary.\u00a0Ak si zak\u00fapite bal\u00ed\u010dek lekci\u00ed s frekvenciou napr. 2x t\u00fd\u017edenne, s takouto frekvenciou ho budete musie\u0165 aj vybra\u0165. V pr\u00edpade, \u017ee \u0161tudent\u00a0potrebuje zru\u0161i\u0165\u00a0dohodnut\u00fa\u00a0lekciu, je potrebn\u00e9 to ozn\u00e1mi\u0165\u00a0lektorke najnesk\u00f4r\u00a024 hod\u00edn pred dohodnut\u00fdm term\u00ednom\u00a0lekcie. Zru\u0161en\u00e1 lekcie sa&hellip;","_links":{"self":[{"href":"https:\/\/linglane.com\/en\/wp-json\/wp\/v2\/pages\/2737","targetHints":{"allow":["GET"]}}],"collection":[{"href":"https:\/\/linglane.com\/en\/wp-json\/wp\/v2\/pages"}],"about":[{"href":"https:\/\/linglane.com\/en\/wp-json\/wp\/v2\/types\/page"}],"author":[{"embeddable":true,"href":"https:\/\/linglane.com\/en\/wp-json\/wp\/v2\/users\/1"}],"replies":[{"embeddable":true,"href":"https:\/\/linglane.com\/en\/wp-json\/wp\/v2\/comments?post=2737"}],"version-history":[{"count":3,"href":"https:\/\/linglane.com\/en\/wp-json\/wp\/v2\/pages\/2737\/revisions"}],"predecessor-version":[{"id":2943,"href":"https:\/\/linglane.com\/en\/wp-json\/wp\/v2\/pages\/2737\/revisions\/2943"}],"wp:attachment":[{"href":"https:\/\/linglane.com\/en\/wp-json\/wp\/v2\/media?parent=2737"}],"curies":[{"name":"wp","href":"https:\/\/api.w.org\/{rel}","templated":true}]}}