{"id":3,"date":"2024-08-02T16:32:09","date_gmt":"2024-08-02T16:32:09","guid":{"rendered":"https:\/\/linglane.com\/?page_id=3"},"modified":"2024-09-14T11:11:33","modified_gmt":"2024-09-14T11:11:33","slug":"privacy-policy","status":"publish","type":"page","link":"https:\/\/linglane.com\/en\/privacy-policy\/","title":{"rendered":"Privacy Policy"},"content":{"rendered":"<body>\n<p>Ako moji \u0161tudenti mi zverujete svoje osobn\u00e9 \u00fadaje. Zodpoved\u00e1m za ich ochranu a zabezpe\u010denie.<\/p>\n\n\n\n<h2 class=\"wp-block-heading\"><strong>SPR\u00c1VCA \u00daDAJOV<\/strong><\/h2>\n\n\n\n<p>Spr\u00e1vcom va\u0161ich \u00fadajov som ja, Lucia\u00a0Kov\u00e1\u010dov\u00e1, I\u010cO: 55 980 805, so s\u00eddlom na adrese: Hodv\u00e1bna 1291\/5, 075 01, Trebi\u0161ov. Pri spracovan\u00ed va\u0161ich osobn\u00fdch \u00fadajov ur\u010dujem, ako bud\u00fa va\u0161e \u00fadaje spracovan\u00e9, za ak\u00fdm \u00fa\u010delom, po ak\u00fa dlh\u00fa dobu, a ako vyber\u00e1m pr\u00edpadn\u00fdch \u010fal\u0161\u00edch spracovate\u013eov, ktor\u00ed mi so spracovan\u00edm bud\u00fa pom\u00e1ha\u0165.<\/p>\n\n\n\n<h2 class=\"wp-block-heading\"><strong>KONTAKTN\u00c9 \u00daDAJE<\/strong><\/h2>\n\n\n\n<p>Pokia\u013e sa na m\u0148a budete chcie\u0165 v ot\u00e1zke spracovania va\u0161ich \u00fadajov obr\u00e1ti\u0165,\u00a0m\u00f4\u017eete ma kontaktova\u0165 na e-mailov\u00fa adresu\u00a0info [at] linglane.com.<\/p>\n\n\n\n<p>Prehlasujem, \u017ee ako spr\u00e1vca va\u0161ich osobn\u00fdch \u00fadajov sp\u013a\u0148am v\u0161etky z\u00e1konn\u00e9 povinnosti po\u017eadovan\u00e9 platnou legislat\u00edvou, najm\u00e4 z\u00e1konom o ochrane osobn\u00fdch \u00fadajov a GDPR, a teda \u017ee:<\/p>\n\n\n\n<div class=\"wp-block-uagb-icon-list uagb-block-39bd9f90\"><div class=\"uagb-icon-list__wrap\">\n<div class=\"wp-block-uagb-icon-list-child uagb-block-a18b3b86\"><span class=\"uagb-icon-list__source-wrap\"><svg xmlns=\"https:\/\/www.w3.org\/2000\/svg\" viewbox=\"0 0 512 512\"><path d=\"M256 0C114.6 0 0 114.6 0 256c0 141.4 114.6 256 256 256s256-114.6 256-256C512 114.6 397.4 0 256 0zM406.6 278.6l-103.1 103.1c-12.5 12.5-32.75 12.5-45.25 0s-12.5-32.75 0-45.25L306.8 288H128C110.3 288 96 273.7 96 256s14.31-32 32-32h178.8l-49.38-49.38c-12.5-12.5-12.5-32.75 0-45.25s32.75-12.5 45.25 0l103.1 103.1C414.6 241.3 416 251.1 416 256C416 260.9 414.6 270.7 406.6 278.6z\"><\/path><\/svg><\/span><span class=\"uagb-icon-list__label\">budem spracov\u00e1va\u0165 va\u0161e osobn\u00e9 \u00fadaje iba na z\u00e1klade platn\u00e9ho pr\u00e1vneho d\u00f4vodu, a to predov\u0161etk\u00fdm opr\u00e1vnen\u00e9ho z\u00e1ujmu, plnenie zmluvy, z\u00e1konn\u00fdch povinnost\u00ed \u010di udelen\u00e9ho s\u00fahlasu,\u00a0<\/span><\/div>\n\n\n\n<div class=\"wp-block-uagb-icon-list-child uagb-block-88c490d5\"><span class=\"uagb-icon-list__source-wrap\"><svg xmlns=\"https:\/\/www.w3.org\/2000\/svg\" viewbox=\"0 0 512 512\"><path d=\"M256 0C114.6 0 0 114.6 0 256c0 141.4 114.6 256 256 256s256-114.6 256-256C512 114.6 397.4 0 256 0zM406.6 278.6l-103.1 103.1c-12.5 12.5-32.75 12.5-45.25 0s-12.5-32.75 0-45.25L306.8 288H128C110.3 288 96 273.7 96 256s14.31-32 32-32h178.8l-49.38-49.38c-12.5-12.5-12.5-32.75 0-45.25s32.75-12.5 45.25 0l103.1 103.1C414.6 241.3 416 251.1 416 256C416 260.9 414.6 270.7 406.6 278.6z\"><\/path><\/svg><\/span><span class=\"uagb-icon-list__label\">pln\u00edm pod\u013ea \u010dl\u00e1nku 13 GDPR informa\u010dn\u00fa povinnos\u0165 e\u0161te pred zah\u00e1jen\u00edm spracov\u00e1vania osobn\u00fdch \u00fadajov,<\/span><\/div>\n\n\n\n<div class=\"wp-block-uagb-icon-list-child uagb-block-d513ebd9\"><span class=\"uagb-icon-list__source-wrap\"><svg xmlns=\"https:\/\/www.w3.org\/2000\/svg\" viewbox=\"0 0 512 512\"><path d=\"M256 0C114.6 0 0 114.6 0 256c0 141.4 114.6 256 256 256s256-114.6 256-256C512 114.6 397.4 0 256 0zM406.6 278.6l-103.1 103.1c-12.5 12.5-32.75 12.5-45.25 0s-12.5-32.75 0-45.25L306.8 288H128C110.3 288 96 273.7 96 256s14.31-32 32-32h178.8l-49.38-49.38c-12.5-12.5-12.5-32.75 0-45.25s32.75-12.5 45.25 0l103.1 103.1C414.6 241.3 416 251.1 416 256C416 260.9 414.6 270.7 406.6 278.6z\"><\/path><\/svg><\/span><span class=\"uagb-icon-list__label\">umo\u017en\u00edm a budem v\u00e1s podporova\u0165 v uplat\u0148ovan\u00ed a plnen\u00ed va\u0161ich pr\u00e1v pod\u013ea z\u00e1kona o ochrane osobn\u00fdch \u00fadajov a GDPR.<\/span><\/div>\n<\/div><\/div>\n\n\n\n<h2 class=\"wp-block-heading\"><strong>ROZSAH OSOBN\u00ddCH \u00daDAJOV A \u00da\u010cELY SPRACOVANIA<\/strong><\/h2>\n\n\n\n<p>Spracov\u00e1vam osobn\u00e9 \u00fadaje, ktor\u00e9 mi zver\u00edte sami, a to nasledovn\u00fdm sp\u00f4sobom:<\/p>\n\n\n\n<div class=\"wp-block-uagb-icon-list uagb-block-720cf2a7\"><div class=\"uagb-icon-list__wrap\">\n<div class=\"wp-block-uagb-icon-list-child uagb-block-e60eb4a6\"><span class=\"uagb-icon-list__source-wrap\"><svg xmlns=\"https:\/\/www.w3.org\/2000\/svg\" viewbox=\"0 0 512 512\"><path d=\"M256 0C114.6 0 0 114.6 0 256c0 141.4 114.6 256 256 256s256-114.6 256-256C512 114.6 397.4 0 256 0zM406.6 278.6l-103.1 103.1c-12.5 12.5-32.75 12.5-45.25 0s-12.5-32.75 0-45.25L306.8 288H128C110.3 288 96 273.7 96 256s14.31-32 32-32h178.8l-49.38-49.38c-12.5-12.5-12.5-32.75 0-45.25s32.75-12.5 45.25 0l103.1 103.1C414.6 241.3 416 251.1 416 256C416 260.9 414.6 270.7 406.6 278.6z\"><\/path><\/svg><\/span><span class=\"uagb-icon-list__label\">praktick\u00fa komunik\u00e1ciu oh\u013eadom v\u00fduky<\/span><\/div>\n\n\n\n<div class=\"wp-block-uagb-icon-list-child uagb-block-2f8ab895\"><span class=\"uagb-icon-list__source-wrap\"><svg xmlns=\"https:\/\/www.w3.org\/2000\/svg\" viewbox=\"0 0 512 512\"><path d=\"M256 0C114.6 0 0 114.6 0 256c0 141.4 114.6 256 256 256s256-114.6 256-256C512 114.6 397.4 0 256 0zM406.6 278.6l-103.1 103.1c-12.5 12.5-32.75 12.5-45.25 0s-12.5-32.75 0-45.25L306.8 288H128C110.3 288 96 273.7 96 256s14.31-32 32-32h178.8l-49.38-49.38c-12.5-12.5-12.5-32.75 0-45.25s32.75-12.5 45.25 0l103.1 103.1C414.6 241.3 416 251.1 416 256C416 260.9 414.6 270.7 406.6 278.6z\"><\/path><\/svg><\/span><span class=\"uagb-icon-list__label\">zasielanie \u0161tudijn\u00fdch materi\u00e1lov<\/span><\/div>\n\n\n\n<div class=\"wp-block-uagb-icon-list-child uagb-block-fd575064\"><span class=\"uagb-icon-list__source-wrap\"><svg xmlns=\"https:\/\/www.w3.org\/2000\/svg\" viewbox=\"0 0 512 512\"><path d=\"M256 0C114.6 0 0 114.6 0 256c0 141.4 114.6 256 256 256s256-114.6 256-256C512 114.6 397.4 0 256 0zM406.6 278.6l-103.1 103.1c-12.5 12.5-32.75 12.5-45.25 0s-12.5-32.75 0-45.25L306.8 288H128C110.3 288 96 273.7 96 256s14.31-32 32-32h178.8l-49.38-49.38c-12.5-12.5-12.5-32.75 0-45.25s32.75-12.5 45.25 0l103.1 103.1C414.6 241.3 416 251.1 416 256C416 260.9 414.6 270.7 406.6 278.6z\"><\/path><\/svg><\/span><span class=\"uagb-icon-list__label\">vystavovanie a zasielanie fakt\u00far<\/span><\/div>\n\n\n\n<div class=\"wp-block-uagb-icon-list-child uagb-block-cc2495c1\"><span class=\"uagb-icon-list__source-wrap\"><svg xmlns=\"https:\/\/www.w3.org\/2000\/svg\" viewbox=\"0 0 512 512\"><path d=\"M256 0C114.6 0 0 114.6 0 256c0 141.4 114.6 256 256 256s256-114.6 256-256C512 114.6 397.4 0 256 0zM406.6 278.6l-103.1 103.1c-12.5 12.5-32.75 12.5-45.25 0s-12.5-32.75 0-45.25L306.8 288H128C110.3 288 96 273.7 96 256s14.31-32 32-32h178.8l-49.38-49.38c-12.5-12.5-12.5-32.75 0-45.25s32.75-12.5 45.25 0l103.1 103.1C414.6 241.3 416 251.1 416 256C416 260.9 414.6 270.7 406.6 278.6z\"><\/path><\/svg><\/span><span class=\"uagb-icon-list__label\">komunik\u00e1ciu oh\u013eadom term\u00ednov lekci\u00ed, zmeny term\u00ednov a podobne<\/span><\/div>\n\n\n\n<div class=\"wp-block-uagb-icon-list-child uagb-block-734d1e5a\"><span class=\"uagb-icon-list__source-wrap\"><svg xmlns=\"https:\/\/www.w3.org\/2000\/svg\" viewbox=\"0 0 512 512\"><path d=\"M256 0C114.6 0 0 114.6 0 256c0 141.4 114.6 256 256 256s256-114.6 256-256C512 114.6 397.4 0 256 0zM406.6 278.6l-103.1 103.1c-12.5 12.5-32.75 12.5-45.25 0s-12.5-32.75 0-45.25L306.8 288H128C110.3 288 96 273.7 96 256s14.31-32 32-32h178.8l-49.38-49.38c-12.5-12.5-12.5-32.75 0-45.25s32.75-12.5 45.25 0l103.1 103.1C414.6 241.3 416 251.1 416 256C416 260.9 414.6 270.7 406.6 278.6z\"><\/path><\/svg><\/span><span class=\"uagb-icon-list__label\">zasielanie dotazn\u00edkov, v ktor\u00fdch m\u00f4\u017eete ohodnoti\u0165 moje lekcie a slu\u017eby a poskytn\u00fa\u0165 mi sp\u00e4tn\u00fa v\u00e4zbu<\/span><\/div>\n<\/div><\/div>\n\n\n\n<h2 class=\"wp-block-heading\"><strong>ZABEZPE\u010cENIE A OCHRANA OSOBN\u00ddCH \u00daDAJOV<\/strong><\/h2>\n\n\n\n<p>Va\u0161e osobn\u00e9 \u00fadaje sa zav\u00e4zujem chr\u00e1ni\u0165 v maxim\u00e1lnej mo\u017enej miere pomocou modern\u00fdch technol\u00f3gi\u00ed, ktor\u00e9 odpovedaj\u00fa stup\u0148u aktu\u00e1lneho technick\u00e9ho rozvoja. Chr\u00e1nim ich, ako keby boli moje vlastn\u00e9. Prijala som v\u0161etky mo\u017en\u00e9 technick\u00e9 a organiza\u010dn\u00e9 opatrenia, ktor\u00e9 zamedzuj\u00fa zneu\u017eitiu va\u0161ich osobn\u00fdch \u00fadajov.<\/p>\n\n\n\n<h2 class=\"wp-block-heading\"><strong>PREDANIE OSOBN\u00ddCH \u00daDAJOV TRET\u00cdM OSOB\u00c1M<\/strong><\/h2><p class=\"MsoNormal\" align=\"justify\" style=\"margin: 0pt 0pt 0.0001pt; font-family: Calibri; color: rgb(0, 0, 0); font-size: medium; font-weight: 400; white-space-collapse: collapse; text-align: justify;\"><b><span style=\"font-family: &quot;PingFang HK Regular&quot;; font-size: 12pt;\"><\/span><\/b><\/p>\n\n\n\n<p>Ke\u010f\u017ee nem\u00e1m zamestnancov, k va\u0161im osobn\u00fdm \u00fadajom m\u00e1m pr\u00edstup iba ja. Av\u0161ak pre zaistenie konkr\u00e9tnych spracovate\u013esk\u00fdch oper\u00e1ci\u00ed vyu\u017e\u00edvam slu\u017eby a aplik\u00e1cie spracovate\u013eov, ktor\u00ed vedia d\u00e1ta ochr\u00e1ni\u0165 e\u0161te lep\u0161ie ako ja a na dan\u00e9 spracovanie sa \u0161pecializuj\u00fa. S\u00fa to poskytovatelia nasleduj\u00facich platforiem:<\/p>\n\n\n\n<div class=\"wp-block-uagb-icon-list uagb-block-2f09e1e7\"><div class=\"uagb-icon-list__wrap\">\n<div class=\"wp-block-uagb-icon-list-child uagb-block-bd2383ff\"><span class=\"uagb-icon-list__source-wrap\"><svg xmlns=\"https:\/\/www.w3.org\/2000\/svg\" viewbox=\"0 0 512 512\"><path d=\"M256 0C114.6 0 0 114.6 0 256c0 141.4 114.6 256 256 256s256-114.6 256-256C512 114.6 397.4 0 256 0zM406.6 278.6l-103.1 103.1c-12.5 12.5-32.75 12.5-45.25 0s-12.5-32.75 0-45.25L306.8 288H128C110.3 288 96 273.7 96 256s14.31-32 32-32h178.8l-49.38-49.38c-12.5-12.5-12.5-32.75 0-45.25s32.75-12.5 45.25 0l103.1 103.1C414.6 241.3 416 251.1 416 256C416 260.9 414.6 270.7 406.6 278.6z\"><\/path><\/svg><\/span><span class=\"uagb-icon-list__label\">Google Analytics<\/span><\/div>\n<\/div><\/div>\n\n\n\n<p>Je mo\u017en\u00e9, \u017ee sa v bud\u00facnosti rozhodnem vyu\u017ei\u0165 \u010fal\u0161ie aplik\u00e1cie \u010di spracovate\u013eov pre u\u013eah\u010denie a skvalitnenie spracovania. S\u013eubujem v\u00e1m v\u0161ak, \u017ee v takom pr\u00edpade budem pri v\u00fdbere na spracovate\u013eov kl\u00e1s\u0165 minim\u00e1lne rovnak\u00e9 n\u00e1roky na zabezpe\u010denie a kvalitu spracovania ako na seba.<\/p>\n\n\n\n<h2 class=\"wp-block-heading\"><strong>PRED\u00c1VANIE D\u00c1T MIMO EUR\u00d3PSKU \u00daNIU<\/strong><\/h2>\n\n\n\n<p>V\u0161etky spracovania osobn\u00fdch \u00fadajov je prev\u00e1dzan\u00e9 na \u00fazem\u00ed EU.<\/p><p class=\"MsoNormal\" align=\"justify\" style=\"margin: 0pt 0pt 0.0001pt; font-family: Calibri; color: rgb(0, 0, 0); font-size: medium; white-space-collapse: collapse; text-align: justify;\"><span style=\"font-family: &quot;PingFang HK Regular&quot;; font-size: 12pt;\"><\/span><\/p>\n\n\n\n<h2 class=\"wp-block-heading\"><strong>VA\u0160E PR\u00c1VA V S\u00daVISLOSTI S OCHRANOU OSOBN\u00ddCH \u00daDAJOV<\/strong><\/h2>\n\n\n\n<p>V s\u00favislosti s ochranou osobn\u00fdch \u00fadajov m\u00e1te nieko\u013eko pr\u00e1v. Pokia\u013e budete chcie\u0165 niektor\u00e9 z t\u00fdchto pr\u00e1v vyu\u017ei\u0165, pros\u00edm, kontaktujte ma prostredn\u00edctvom e-mailu: info [a] linglane.com<\/p><p class=\"MsoNormal\" align=\"justify\" style=\"margin: 0pt 0pt 0.0001pt; font-family: Calibri; color: rgb(0, 0, 0); font-size: medium; white-space-collapse: collapse; text-align: justify;\"><b><span style=\"font-family: &quot;PingFang HK Regular&quot;; font-size: 12pt;\"><\/span><\/b><\/p>\n\n\n\n<p>M\u00e1te pr\u00e1vo na inform\u00e1cie, ktor\u00e9 je plnen\u00e9 u\u017e touto informa\u010dnou str\u00e1nkou so z\u00e1sadami spracovania osobn\u00fdch \u00fadajov. V\u010faka pr\u00e1vu na pr\u00edstup ma m\u00f4\u017eete kedyko\u013evek vyzva\u0165 a ja v\u00e1m dolo\u017e\u00edm v lehote 14 dn\u00ed ak\u00e9 va\u0161e osobn\u00e9 \u00fadaje spracov\u00e1vam a pre\u010do.<\/p><p class=\"MsoNormal\" align=\"justify\" style=\"margin: 0pt 0pt 0.0001pt; font-family: Calibri; color: rgb(0, 0, 0); font-size: medium; white-space-collapse: collapse; text-align: justify;\"><b><span style=\"font-family: &quot;PingFang HK Regular&quot;; font-size: 12pt;\"><\/span><\/b><\/p>\n\n\n\n<p>Pokia\u013e sa u v\u00e1s nie\u010do zmen\u00ed, pr\u00edpadne s\u00fa va\u0161e osobn\u00e9 \u00fadaje neaktu\u00e1lne alebo ne\u00fapln\u00e9, m\u00e1te pr\u00e1vo na doplnenie a zmenu osobn\u00fdch \u00fadajov. Pr\u00e1vo na obmedzenie spracovania m\u00f4\u017eete vyu\u017ei\u0165, pokia\u013e sa domnievate, \u017ee spracov\u00e1vam va\u0161e nepresn\u00e9 \u00fadaje, domnievate sa, \u017ee uskuto\u010d\u0148ujem nez\u00e1konn\u00e9 spracovanie, ale nechcete v\u0161etky \u00fadaje zmaza\u0165 alebo pokia\u013e ste vzniesli n\u00e1mietku proti spracovaniu.<\/p><p class=\"MsoNormal\" align=\"justify\" style=\"margin: 0pt 0pt 0.0001pt; font-family: Calibri; color: rgb(0, 0, 0); font-size: medium; white-space-collapse: collapse; text-align: justify;\"><b><span style=\"font-family: &quot;PingFang HK Regular&quot;; font-size: 12pt;\"><\/span><\/b><\/p>\n\n\n\n<p>Obmedzi\u0165 m\u00f4\u017eete rozsah osobn\u00fdch \u00fadajov alebo \u00fa\u010delov spracovania.<\/p><p class=\"MsoNormal\" align=\"justify\" style=\"margin: 0pt 0pt 0.0001pt; font-family: Calibri; color: rgb(0, 0, 0); font-size: medium; white-space-collapse: collapse; text-align: justify;\"><b><span style=\"font-family: &quot;PingFang HK Regular&quot;; font-size: 12pt;\"><\/span><\/b><\/p>\n\n\n\n<h2 class=\"wp-block-heading\"><strong>PR\u00c1VO NA VYMAZANIE (BY\u0164 ZABUDNUT\u00dd)<\/strong><\/h2>\n\n\n\n<p>Va\u0161\u00edm \u010fal\u0161\u00edm pr\u00e1vom je pr\u00e1vo na v\u00fdmaz. Nechcem na V\u00e1s zabudn\u00fa\u0165, ale pokia\u013e si to budete pria\u0165, m\u00e1te na to pr\u00e1vo. V takom pr\u00edpade vyma\u017eem v\u0161etky va\u0161e osobn\u00e9 \u00fadaje zo svojho syst\u00e9mu aj zo syst\u00e9mu v\u0161etk\u00fdch \u010fal\u0161\u00edch spracovate\u013eov a z\u00e1loh. Na zaistenie pr\u00e1va na vymazanie potrebujem 14 dn\u00ed.<\/p><p class=\"MsoNormal\" align=\"justify\" style=\"margin: 0pt 0pt 0.0001pt; font-family: Calibri; color: rgb(0, 0, 0); font-size: medium; white-space-collapse: collapse; text-align: justify;\"><span style=\"font-family: &quot;PingFang HK Regular&quot;; font-size: 12pt;\"><\/span><\/p>\n\n\n\n<p>V niektor\u00fdch pr\u00edpadoch som viazan\u00e1 z\u00e1konnou povinnos\u0165ou, napr. mus\u00edm evidova\u0165 vystaven\u00e9 da\u0148ov\u00e9 doklady po lehotu stanoven\u00fa z\u00e1konom. V tomto pr\u00edpade teda vyma\u017eem v\u0161etky tak\u00e9 osobn\u00e9 \u00fadaje, ktor\u00e9 nie s\u00fa viazan\u00e9 in\u00fdm z\u00e1konom. O dokon\u010den\u00ed v\u00e1s budem informova\u0165 e-mailom.<\/p>\n\n\n\n<p>Tieto z\u00e1sady spracovania osobn\u00fdch \u00fadajov platia od <strong>1.2.2024<\/strong>.<\/p>\n<\/body>","protected":false},"excerpt":{"rendered":"<p>Ako moji \u0161tudenti mi zverujete svoje osobn\u00e9 \u00fadaje. Zodpoved\u00e1m za ich ochranu a zabezpe\u010denie. SPR\u00c1VCA \u00daDAJOV Spr\u00e1vcom va\u0161ich \u00fadajov som ja, Lucia\u00a0Kov\u00e1\u010dov\u00e1, I\u010cO: 55 980 805, so s\u00eddlom na adrese: Hodv\u00e1bna 1291\/5, 075 01, Trebi\u0161ov. Pri spracovan\u00ed va\u0161ich osobn\u00fdch \u00fadajov ur\u010dujem, ako bud\u00fa va\u0161e \u00fadaje spracovan\u00e9, za ak\u00fdm \u00fa\u010delom, po ak\u00fa dlh\u00fa dobu, a ako [&hellip;]<\/p>\n","protected":false},"author":1,"featured_media":0,"parent":0,"menu_order":0,"comment_status":"closed","ping_status":"open","template":"","meta":{"om_disable_all_campaigns":false,"_uag_custom_page_level_css":"","site-sidebar-layout":"default","site-content-layout":"","ast-site-content-layout":"default","site-content-style":"default","site-sidebar-style":"default","ast-global-header-display":"","ast-banner-title-visibility":"","ast-main-header-display":"","ast-hfb-above-header-display":"","ast-hfb-below-header-display":"","ast-hfb-mobile-header-display":"","site-post-title":"","ast-breadcrumbs-content":"","ast-featured-img":"","footer-sml-layout":"","ast-disable-related-posts":"","theme-transparent-header-meta":"","adv-header-id-meta":"","stick-header-meta":"","header-above-stick-meta":"","header-main-stick-meta":"","header-below-stick-meta":"","astra-migrate-meta-layouts":"set","ast-page-background-enabled":"default","ast-page-background-meta":{"desktop":{"background-color":"var(--ast-global-color-4)","background-image":"","background-repeat":"repeat","background-position":"center center","background-size":"auto","background-attachment":"scroll","background-type":"","background-media":"","overlay-type":"","overlay-color":"","overlay-opacity":"","overlay-gradient":""},"tablet":{"background-color":"","background-image":"","background-repeat":"repeat","background-position":"center center","background-size":"auto","background-attachment":"scroll","background-type":"","background-media":"","overlay-type":"","overlay-color":"","overlay-opacity":"","overlay-gradient":""},"mobile":{"background-color":"","background-image":"","background-repeat":"repeat","background-position":"center center","background-size":"auto","background-attachment":"scroll","background-type":"","background-media":"","overlay-type":"","overlay-color":"","overlay-opacity":"","overlay-gradient":""}},"ast-content-background-meta":{"desktop":{"background-color":"var(--ast-global-color-5)","background-image":"","background-repeat":"repeat","background-position":"center center","background-size":"auto","background-attachment":"scroll","background-type":"","background-media":"","overlay-type":"","overlay-color":"","overlay-opacity":"","overlay-gradient":""},"tablet":{"background-color":"var(--ast-global-color-5)","background-image":"","background-repeat":"repeat","background-position":"center center","background-size":"auto","background-attachment":"scroll","background-type":"","background-media":"","overlay-type":"","overlay-color":"","overlay-opacity":"","overlay-gradient":""},"mobile":{"background-color":"var(--ast-global-color-5)","background-image":"","background-repeat":"repeat","background-position":"center center","background-size":"auto","background-attachment":"scroll","background-type":"","background-media":"","overlay-type":"","overlay-color":"","overlay-opacity":"","overlay-gradient":""}},"footnotes":""},"class_list":["post-3","page","type-page","status-publish","hentry"],"uagb_featured_image_src":{"full":false,"thumbnail":false,"medium":false,"medium_large":false,"large":false,"1536x1536":false,"2048x2048":false,"trp-custom-language-flag":false},"uagb_author_info":{"display_name":"LuciaK","author_link":"https:\/\/linglane.com\/en\/author\/luciak\/"},"uagb_comment_info":0,"uagb_excerpt":"Ako moji \u0161tudenti mi zverujete svoje osobn\u00e9 \u00fadaje. Zodpoved\u00e1m za ich ochranu a zabezpe\u010denie. SPR\u00c1VCA \u00daDAJOV Spr\u00e1vcom va\u0161ich \u00fadajov som ja, Lucia\u00a0Kov\u00e1\u010dov\u00e1, I\u010cO: 55 980 805, so s\u00eddlom na adrese: Hodv\u00e1bna 1291\/5, 075 01, Trebi\u0161ov. Pri spracovan\u00ed va\u0161ich osobn\u00fdch \u00fadajov ur\u010dujem, ako bud\u00fa va\u0161e \u00fadaje spracovan\u00e9, za ak\u00fdm \u00fa\u010delom, po ak\u00fa dlh\u00fa dobu, a ako&hellip;","_links":{"self":[{"href":"https:\/\/linglane.com\/en\/wp-json\/wp\/v2\/pages\/3","targetHints":{"allow":["GET"]}}],"collection":[{"href":"https:\/\/linglane.com\/en\/wp-json\/wp\/v2\/pages"}],"about":[{"href":"https:\/\/linglane.com\/en\/wp-json\/wp\/v2\/types\/page"}],"author":[{"embeddable":true,"href":"https:\/\/linglane.com\/en\/wp-json\/wp\/v2\/users\/1"}],"replies":[{"embeddable":true,"href":"https:\/\/linglane.com\/en\/wp-json\/wp\/v2\/comments?post=3"}],"version-history":[{"count":5,"href":"https:\/\/linglane.com\/en\/wp-json\/wp\/v2\/pages\/3\/revisions"}],"predecessor-version":[{"id":2967,"href":"https:\/\/linglane.com\/en\/wp-json\/wp\/v2\/pages\/3\/revisions\/2967"}],"wp:attachment":[{"href":"https:\/\/linglane.com\/en\/wp-json\/wp\/v2\/media?parent=3"}],"curies":[{"name":"wp","href":"https:\/\/api.w.org\/{rel}","templated":true}]}}